{"id":75,"date":"2025-02-19T19:13:54","date_gmt":"2025-02-19T19:13:54","guid":{"rendered":"https:\/\/www.ahs-suodatus.com\/?page_id=75"},"modified":"2025-10-30T15:59:28","modified_gmt":"2025-10-30T15:59:28","slug":"huoltopalvelut","status":"publish","type":"page","link":"https:\/\/www.ahs-suodatus.com\/index.php\/huoltopalvelut\/","title":{"rendered":"Huoltopalvelut"},"content":{"rendered":"\t\t<div data-elementor-type=\"wp-page\" data-elementor-id=\"75\" class=\"elementor elementor-75\" data-elementor-post-type=\"page\">\n\t\t\t\t<div class=\"elementor-element elementor-element-5ebf6e2 e-flex e-con-boxed e-con e-parent\" data-id=\"5ebf6e2\" data-element_type=\"container\" data-e-type=\"container\" data-settings=\"{&quot;background_background&quot;:&quot;classic&quot;}\">\n\t\t\t\t\t<div class=\"e-con-inner\">\n\t\t\t\t<div class=\"elementor-element elementor-element-f7949fb elementor-widget elementor-widget-heading\" data-id=\"f7949fb\" data-element_type=\"widget\" data-e-type=\"widget\" data-widget_type=\"heading.default\">\n\t\t\t\t<div class=\"elementor-widget-container\">\n\t\t\t\t\t<h2 class=\"elementor-heading-title elementor-size-default\">huoltopalvelut<\/h2>\t\t\t\t<\/div>\n\t\t\t\t<\/div>\n\t\t\t\t\t<\/div>\n\t\t\t\t<\/div>\n\t\t<div class=\"elementor-element elementor-element-77d099e e-flex e-con-boxed e-con e-parent\" data-id=\"77d099e\" data-element_type=\"container\" data-e-type=\"container\">\n\t\t\t\t\t<div class=\"e-con-inner\">\n\t\t<div class=\"elementor-element elementor-element-d16b547 e-con-full e-flex e-con e-child\" data-id=\"d16b547\" data-element_type=\"container\" data-e-type=\"container\">\n\t\t\t\t<div class=\"elementor-element elementor-element-45d0c87 elementor-widget elementor-widget-heading\" data-id=\"45d0c87\" data-element_type=\"widget\" data-e-type=\"widget\" data-widget_type=\"heading.default\">\n\t\t\t\t<div class=\"elementor-widget-container\">\n\t\t\t\t\t<h2 class=\"elementor-heading-title elementor-size-default\">huoltopalvelut<\/h2>\t\t\t\t<\/div>\n\t\t\t\t<\/div>\n\t\t\t\t<div class=\"elementor-element elementor-element-f8407d2 elementor-widget elementor-widget-image\" data-id=\"f8407d2\" data-element_type=\"widget\" data-e-type=\"widget\" data-widget_type=\"image.default\">\n\t\t\t\t<div class=\"elementor-widget-container\">\n\t\t\t\t\t\t\t\t\t\t\t\t\t\t\t<img fetchpriority=\"high\" decoding=\"async\" width=\"500\" height=\"300\" src=\"https:\/\/www.ahs-suodatus.com\/wp-content\/uploads\/2025\/01\/IMG_3816.png\" class=\"attachment-large size-large wp-image-44\" alt=\"\" srcset=\"https:\/\/www.ahs-suodatus.com\/wp-content\/uploads\/2025\/01\/IMG_3816.png 500w, https:\/\/www.ahs-suodatus.com\/wp-content\/uploads\/2025\/01\/IMG_3816-300x180.png 300w\" sizes=\"(max-width: 500px) 100vw, 500px\" \/>\t\t\t\t\t\t\t\t\t\t\t\t\t\t\t<\/div>\n\t\t\t\t<\/div>\n\t\t\t\t<div class=\"elementor-element elementor-element-dc38a26 elementor-widget elementor-widget-image\" data-id=\"dc38a26\" data-element_type=\"widget\" data-e-type=\"widget\" data-widget_type=\"image.default\">\n\t\t\t\t<div class=\"elementor-widget-container\">\n\t\t\t\t\t\t\t\t\t\t\t\t\t\t\t<img decoding=\"async\" width=\"576\" height=\"1024\" src=\"https:\/\/www.ahs-suodatus.com\/wp-content\/uploads\/2025\/10\/IMG_4097-576x1024.jpg\" class=\"attachment-large size-large wp-image-286\" alt=\"\" srcset=\"https:\/\/www.ahs-suodatus.com\/wp-content\/uploads\/2025\/10\/IMG_4097-576x1024.jpg 576w, https:\/\/www.ahs-suodatus.com\/wp-content\/uploads\/2025\/10\/IMG_4097-169x300.jpg 169w, https:\/\/www.ahs-suodatus.com\/wp-content\/uploads\/2025\/10\/IMG_4097-768x1365.jpg 768w, https:\/\/www.ahs-suodatus.com\/wp-content\/uploads\/2025\/10\/IMG_4097-864x1536.jpg 864w, https:\/\/www.ahs-suodatus.com\/wp-content\/uploads\/2025\/10\/IMG_4097-1152x2048.jpg 1152w, https:\/\/www.ahs-suodatus.com\/wp-content\/uploads\/2025\/10\/IMG_4097.jpg 1242w\" sizes=\"(max-width: 576px) 100vw, 576px\" \/>\t\t\t\t\t\t\t\t\t\t\t\t\t\t\t<\/div>\n\t\t\t\t<\/div>\n\t\t\t\t<\/div>\n\t\t<div class=\"elementor-element elementor-element-e3644c8 e-con-full e-flex e-con e-child\" data-id=\"e3644c8\" data-element_type=\"container\" data-e-type=\"container\">\n\t\t\t\t<div class=\"elementor-element elementor-element-cdb739b elementor-widget elementor-widget-text-editor\" data-id=\"cdb739b\" data-element_type=\"widget\" data-e-type=\"widget\" data-widget_type=\"text-editor.default\">\n\t\t\t\t<div class=\"elementor-widget-container\">\n\t\t\t\t\t\t\t\t\t<p id=\"E411\" class=\"x-scope qowt-word-para-0\"><span id=\"E461\">AHS hoitaa suodatinhuollot kattavan yhteisty\u00f6verkoston kautta Suomessa ja Ruotsissa.<\/span><\/p>\n<p id=\"E411\" class=\"x-scope qowt-word-para-0\"><span><br><\/span><\/p>\n<p id=\"E411\" class=\"x-scope qowt-word-para-0\"><span>&nbsp;<b>Palvelumme sis\u00e4lt\u00e4v\u00e4t:<\/b><\/span><\/p>\n<div id=\"contentsContainer\" class=\"style-scope qowt-page\">\n<div id=\"contents\" class=\"style-scope qowt-page\">\n<ul>\n<li id=\"E462\" class=\"qowt-li-0_0 qowt-list x-scope qowt-word-para-0\" role=\"listitem\" aria-roledescription=\"Bullet\"><strong><span id=\"E463\">Hiilen vaihto:<\/span><\/strong><span id=\"E464\">&nbsp;H\u00e4vit\u00e4mme k\u00e4ytetyt aktiivihiilet asianmukaisesti kohteesta kuin kohteesta ja toimitamme sek\u00e4 lataamme uudet hiilet suodattimiin. K\u00e4ytetyt hiilet ovat k\u00e4yt\u00e4nn\u00f6ss\u00e4 aina vaarallista j\u00e4tett\u00e4 ja ne tulee h\u00e4vitt\u00e4\u00e4 oikeisiin k\u00e4sittely kanaviin.&nbsp;<\/span><\/li>\n<\/ul>\n<div>&nbsp;<\/div>\n<ul>\n<li id=\"E465\" class=\"qowt-li-0_0 qowt-list x-scope qowt-word-para-0\" role=\"listitem\" aria-roledescription=\"Bullet\"><strong><span id=\"E466\">Suodattimien tarkistus ja puhdistus:<\/span><\/strong><span id=\"E467\"> Huolehdimme suodattimen rakenteiden ja tiivisteiden kunnosta sek\u00e4 varmistamme, ett\u00e4 j\u00e4rjestelm\u00e4 toimii suunnitellusti ilman vuotoja.<\/span><\/li>\n<\/ul>\n<div>&nbsp;<\/div>\n<ul>\n<li id=\"E468\" class=\"qowt-li-0_0 qowt-list x-scope qowt-word-para-0\" role=\"listitem\" aria-roledescription=\"Bullet\"><strong><span id=\"E469\">Ennaltaehk\u00e4isev\u00e4 huolto:<\/span><\/strong><span id=\"E470\"> S\u00e4\u00e4nn\u00f6llinen huolto auttaa v\u00e4ltt\u00e4m\u00e4\u00e4n yll\u00e4tt\u00e4v\u00e4t k\u00e4ytt\u00f6katkokset ja varmistaa, ett\u00e4 suodatusj\u00e4rjestelm\u00e4 toimii tehokkaasti my\u00f6s vaativissa olosuhteissa.<\/span><\/li>\n<\/ul>\n<div>&nbsp;<\/div>\n<ul>\n<li id=\"E471\" class=\"qowt-li-0_0 qowt-list x-scope qowt-word-para-0\" role=\"listitem\" aria-roledescription=\"Bullet\"><strong><span id=\"E472\">Asiantuntija-apu:<\/span><\/strong><span id=\"E473\"> Tarjoamme neuvoja oikean hiilityypin valintaan ja suodattimen k\u00e4ytt\u00f6\u00f6n liittyviss\u00e4 kysymyksiss\u00e4.<\/span><\/li>\n<\/ul>\n<div>&nbsp;<\/div>\n<p id=\"E474\" class=\"x-scope qowt-word-para-0\"><span id=\"E475\">Kaikki huoltopalvelumme toteutetaan ymp\u00e4rist\u00f6yst\u00e4v\u00e4llisesti ja turvallisuusn\u00e4k\u00f6kohdat huomioiden. K\u00e4ytetty aktiivihiili k\u00e4sitell\u00e4\u00e4n asianmukaisesti, ja huoltoty\u00f6n aikana noudatamme tiukkoja turvallisuusohjeita, mukaan lukien suojaavat varusteet ja p\u00f6lyn hallinta.<\/span><\/p>\n<p id=\"E476\" class=\"x-scope qowt-word-para-0\"><span id=\"E477\">Huoltopalvelumme kattaa niin pienet omakotitalojen suodattimet kuin suurten teollisuuskohteiden laitteistot. Toimimme Suomen ja Ruotsin alueella yhteisty\u00f6verkostomme kautta, mik\u00e4 takaa nopean ja luotettavan palvelun.<\/span><\/p>\n<p id=\"E478\" class=\"x-scope qowt-word-para-0\"><span id=\"E479\">Anna meid\u00e4n huolehtia aktiivihiilisuodattimiesi yll\u00e4pidosta \u2013 se on tehokkuuden ja laadun tae! Ota yhteytt\u00e4 ja kysy lis\u00e4\u00e4 palveluistamme.<\/span><\/p><p id=\"E478\" class=\"x-scope qowt-word-para-0\"><span><br><\/span><\/p><p id=\"E478\" class=\"x-scope qowt-word-para-0\"><span><br><\/span><\/p>\n<p id=\"E478\" class=\"x-scope qowt-word-para-0\"><strong>mikko.holappa@mkhgroup.fi<\/strong><\/p>\n<p class=\"x-scope qowt-word-para-0\"><strong> 040 843 4534<\/strong><\/p>\n<\/div>\n<\/div>\t\t\t\t\t\t\t\t<\/div>\n\t\t\t\t<\/div>\n\t\t\t\t<\/div>\n\t\t\t\t\t<\/div>\n\t\t\t\t<\/div>\n\t\t<div class=\"elementor-element elementor-element-b2642be elementor-hidden-desktop elementor-hidden-tablet elementor-hidden-mobile e-flex e-con-boxed e-con e-parent\" data-id=\"b2642be\" data-element_type=\"container\" data-e-type=\"container\">\n\t\t\t\t\t<div class=\"e-con-inner\">\n\t\t\t\t<div class=\"elementor-element elementor-element-6bd9345 elementor-widget elementor-widget-heading\" data-id=\"6bd9345\" data-element_type=\"widget\" data-e-type=\"widget\" data-widget_type=\"heading.default\">\n\t\t\t\t<div class=\"elementor-widget-container\">\n\t\t\t\t\t<h2 class=\"elementor-heading-title elementor-size-default\">meihin luottavat<\/h2>\t\t\t\t<\/div>\n\t\t\t\t<\/div>\n\t\t\t\t\t<\/div>\n\t\t\t\t<\/div>\n\t\t<div class=\"elementor-element elementor-element-7c761c7 elementor-hidden-desktop elementor-hidden-tablet elementor-hidden-mobile e-flex e-con-boxed e-con e-parent\" data-id=\"7c761c7\" data-element_type=\"container\" data-e-type=\"container\">\n\t\t\t\t\t<div class=\"e-con-inner\">\n\t\t\t\t<div class=\"elementor-element elementor-element-ee09ce3 elementor-arrows-position-inside elementor-pagination-position-outside elementor-widget elementor-widget-image-carousel\" data-id=\"ee09ce3\" data-element_type=\"widget\" data-e-type=\"widget\" data-settings=\"{&quot;autoplay_speed&quot;:7000,&quot;navigation&quot;:&quot;both&quot;,&quot;autoplay&quot;:&quot;yes&quot;,&quot;pause_on_hover&quot;:&quot;yes&quot;,&quot;pause_on_interaction&quot;:&quot;yes&quot;,&quot;infinite&quot;:&quot;yes&quot;,&quot;speed&quot;:500}\" data-widget_type=\"image-carousel.default\">\n\t\t\t\t<div class=\"elementor-widget-container\">\n\t\t\t\t\t\t\t<div class=\"elementor-image-carousel-wrapper swiper\" role=\"region\" aria-roledescription=\"carousel\" aria-label=\"Kuvakaruselli\" dir=\"ltr\">\n\t\t\t<div class=\"elementor-image-carousel swiper-wrapper\" aria-live=\"off\">\n\t\t\t\t\t\t\t\t<div class=\"swiper-slide\" role=\"group\" aria-roledescription=\"slide\" aria-label=\"1 of 5\"><figure class=\"swiper-slide-inner\"><img decoding=\"async\" class=\"swiper-slide-image\" src=\"https:\/\/www.ahs-suodatus.com\/wp-content\/uploads\/2025\/01\/Onninen_logo_2021.png\" alt=\"Onninen_logo_2021\" \/><\/figure><\/div><div class=\"swiper-slide\" role=\"group\" aria-roledescription=\"slide\" aria-label=\"2 of 5\"><figure class=\"swiper-slide-inner\"><img decoding=\"async\" class=\"swiper-slide-image\" src=\"https:\/\/www.ahs-suodatus.com\/wp-content\/uploads\/2025\/01\/Meyer_Turku_logo.svg-1024x348.png\" alt=\"Meyer_Turku_logo.svg\" \/><\/figure><\/div><div class=\"swiper-slide\" role=\"group\" aria-roledescription=\"slide\" aria-label=\"3 of 5\"><figure class=\"swiper-slide-inner\"><img decoding=\"async\" class=\"swiper-slide-image\" src=\"https:\/\/www.ahs-suodatus.com\/wp-content\/uploads\/2025\/01\/biovoima-PUWG-logo-valkoinen-tausta.png\" alt=\"biovoima-PUWG-logo-valkoinen-tausta\" \/><\/figure><\/div><div class=\"swiper-slide\" role=\"group\" aria-roledescription=\"slide\" aria-label=\"4 of 5\"><figure class=\"swiper-slide-inner\"><img decoding=\"async\" class=\"swiper-slide-image\" src=\"https:\/\/www.ahs-suodatus.com\/wp-content\/uploads\/2025\/01\/A4-16-e1736171422386.png\" alt=\"A4-16\" \/><\/figure><\/div><div class=\"swiper-slide\" role=\"group\" aria-roledescription=\"slide\" aria-label=\"5 of 5\"><figure class=\"swiper-slide-inner\"><img decoding=\"async\" class=\"swiper-slide-image\" src=\"https:\/\/www.ahs-suodatus.com\/wp-content\/uploads\/2025\/01\/download.jpeg\" alt=\"download\" \/><\/figure><\/div>\t\t\t<\/div>\n\t\t\t\t\t\t\t\t\t\t\t\t<div class=\"elementor-swiper-button elementor-swiper-button-prev\" role=\"button\" tabindex=\"0\">\n\t\t\t\t\t\t<svg aria-hidden=\"true\" class=\"e-font-icon-svg e-eicon-chevron-left\" viewBox=\"0 0 1000 1000\" xmlns=\"http:\/\/www.w3.org\/2000\/svg\"><path d=\"M646 125C629 125 613 133 604 142L308 442C296 454 292 471 292 487 292 504 296 521 308 533L604 854C617 867 629 875 646 875 663 875 679 871 692 858 704 846 713 829 713 812 713 796 708 779 692 767L438 487 692 225C700 217 708 204 708 187 708 171 704 154 692 142 675 129 663 125 646 125Z\"><\/path><\/svg>\t\t\t\t\t<\/div>\n\t\t\t\t\t<div class=\"elementor-swiper-button elementor-swiper-button-next\" role=\"button\" tabindex=\"0\">\n\t\t\t\t\t\t<svg aria-hidden=\"true\" class=\"e-font-icon-svg e-eicon-chevron-right\" viewBox=\"0 0 1000 1000\" xmlns=\"http:\/\/www.w3.org\/2000\/svg\"><path d=\"M696 533C708 521 713 504 713 487 713 471 708 454 696 446L400 146C388 133 375 125 354 125 338 125 325 129 313 142 300 154 292 171 292 187 292 204 296 221 308 233L563 492 304 771C292 783 288 800 288 817 288 833 296 850 308 863 321 871 338 875 354 875 371 875 388 867 400 854L696 533Z\"><\/path><\/svg>\t\t\t\t\t<\/div>\n\t\t\t\t\n\t\t\t\t\t\t\t\t\t<div class=\"swiper-pagination\"><\/div>\n\t\t\t\t\t\t\t\t\t<\/div>\n\t\t\t\t\t\t<\/div>\n\t\t\t\t<\/div>\n\t\t\t\t\t<\/div>\n\t\t\t\t<\/div>\n\t\t\t\t<\/div>\n\t\t","protected":false},"excerpt":{"rendered":"<p>huoltopalvelut huoltopalvelut AHS hoitaa suodatinhuollot kattavan yhteisty\u00f6verkoston kautta Suomessa ja Ruotsissa. &nbsp;Palvelumme sis\u00e4lt\u00e4v\u00e4t: Hiilen vaihto:&nbsp;H\u00e4vit\u00e4mme k\u00e4ytetyt aktiivihiilet asianmukaisesti kohteesta kuin kohteesta ja toimitamme sek\u00e4 lataamme uudet hiilet suodattimiin. K\u00e4ytetyt hiilet ovat k\u00e4yt\u00e4nn\u00f6ss\u00e4 aina vaarallista j\u00e4tett\u00e4 ja ne tulee h\u00e4vitt\u00e4\u00e4 oikeisiin k\u00e4sittely kanaviin.&nbsp; &nbsp; Suodattimien tarkistus ja puhdistus: Huolehdimme suodattimen rakenteiden ja tiivisteiden kunnosta sek\u00e4 varmistamme, [&hellip;]<\/p>\n","protected":false},"author":1,"featured_media":0,"parent":0,"menu_order":0,"comment_status":"closed","ping_status":"closed","template":"","meta":{"footnotes":""},"class_list":["post-75","page","type-page","status-publish","hentry"],"_links":{"self":[{"href":"https:\/\/www.ahs-suodatus.com\/index.php\/wp-json\/wp\/v2\/pages\/75","targetHints":{"allow":["GET"]}}],"collection":[{"href":"https:\/\/www.ahs-suodatus.com\/index.php\/wp-json\/wp\/v2\/pages"}],"about":[{"href":"https:\/\/www.ahs-suodatus.com\/index.php\/wp-json\/wp\/v2\/types\/page"}],"author":[{"embeddable":true,"href":"https:\/\/www.ahs-suodatus.com\/index.php\/wp-json\/wp\/v2\/users\/1"}],"replies":[{"embeddable":true,"href":"https:\/\/www.ahs-suodatus.com\/index.php\/wp-json\/wp\/v2\/comments?post=75"}],"version-history":[{"count":38,"href":"https:\/\/www.ahs-suodatus.com\/index.php\/wp-json\/wp\/v2\/pages\/75\/revisions"}],"predecessor-version":[{"id":329,"href":"https:\/\/www.ahs-suodatus.com\/index.php\/wp-json\/wp\/v2\/pages\/75\/revisions\/329"}],"wp:attachment":[{"href":"https:\/\/www.ahs-suodatus.com\/index.php\/wp-json\/wp\/v2\/media?parent=75"}],"curies":[{"name":"wp","href":"https:\/\/api.w.org\/{rel}","templated":true}]}}