{"id":264,"date":"2025-02-19T19:13:54","date_gmt":"2025-02-19T19:13:54","guid":{"rendered":"https:\/\/www.ahs-suodatus.com\/?page_id=264"},"modified":"2025-10-30T16:36:40","modified_gmt":"2025-10-30T16:36:40","slug":"aktiivihiilisuodattimet-2","status":"publish","type":"page","link":"https:\/\/www.ahs-suodatus.com\/index.php\/aktiivihiilisuodattimet-2\/","title":{"rendered":"Aktiivihiilisuodattimet"},"content":{"rendered":"\t\t<div data-elementor-type=\"wp-page\" data-elementor-id=\"264\" class=\"elementor elementor-264\" data-elementor-post-type=\"page\">\n\t\t\t\t<div class=\"elementor-element elementor-element-08d0edd e-flex e-con-boxed e-con e-parent\" data-id=\"08d0edd\" data-element_type=\"container\" data-e-type=\"container\" data-settings=\"{&quot;background_background&quot;:&quot;classic&quot;}\">\n\t\t\t\t\t<div class=\"e-con-inner\">\n\t\t\t\t<div class=\"elementor-element elementor-element-a9a0861 elementor-widget elementor-widget-heading\" data-id=\"a9a0861\" data-element_type=\"widget\" data-e-type=\"widget\" data-widget_type=\"heading.default\">\n\t\t\t\t<div class=\"elementor-widget-container\">\n\t\t\t\t\t<h2 class=\"elementor-heading-title elementor-size-default\">aktiivihiilisuodattimet<\/h2>\t\t\t\t<\/div>\n\t\t\t\t<\/div>\n\t\t\t\t\t<\/div>\n\t\t\t\t<\/div>\n\t\t<div class=\"elementor-element elementor-element-77d099e e-flex e-con-boxed e-con e-parent\" data-id=\"77d099e\" data-element_type=\"container\" data-e-type=\"container\">\n\t\t\t\t\t<div class=\"e-con-inner\">\n\t\t<div class=\"elementor-element elementor-element-d16b547 e-con-full e-flex e-con e-child\" data-id=\"d16b547\" data-element_type=\"container\" data-e-type=\"container\">\n\t\t\t\t<div class=\"elementor-element elementor-element-45d0c87 elementor-widget elementor-widget-heading\" data-id=\"45d0c87\" data-element_type=\"widget\" data-e-type=\"widget\" data-widget_type=\"heading.default\">\n\t\t\t\t<div class=\"elementor-widget-container\">\n\t\t\t\t\t<h2 class=\"elementor-heading-title elementor-size-default\">AKTIIVIHIILI-suodattimet<\/h2>\t\t\t\t<\/div>\n\t\t\t\t<\/div>\n\t\t\t\t<div class=\"elementor-element elementor-element-c297b29 elementor-widget elementor-widget-image\" data-id=\"c297b29\" data-element_type=\"widget\" data-e-type=\"widget\" data-widget_type=\"image.default\">\n\t\t\t\t<div class=\"elementor-widget-container\">\n\t\t\t\t\t\t\t\t\t\t\t\t\t\t\t<img fetchpriority=\"high\" decoding=\"async\" width=\"259\" height=\"300\" src=\"https:\/\/www.ahs-suodatus.com\/wp-content\/uploads\/2025\/10\/ahs-2-8-259x300.jpg\" class=\"attachment-medium size-medium wp-image-274\" alt=\"\" srcset=\"https:\/\/www.ahs-suodatus.com\/wp-content\/uploads\/2025\/10\/ahs-2-8-259x300.jpg 259w, https:\/\/www.ahs-suodatus.com\/wp-content\/uploads\/2025\/10\/ahs-2-8.jpg 261w\" sizes=\"(max-width: 259px) 100vw, 259px\" \/>\t\t\t\t\t\t\t\t\t\t\t\t\t\t\t<\/div>\n\t\t\t\t<\/div>\n\t\t\t\t<div class=\"elementor-element elementor-element-f6687f1 elementor-widget elementor-widget-spacer\" data-id=\"f6687f1\" data-element_type=\"widget\" data-e-type=\"widget\" data-widget_type=\"spacer.default\">\n\t\t\t\t<div class=\"elementor-widget-container\">\n\t\t\t\t\t\t\t<div class=\"elementor-spacer\">\n\t\t\t<div class=\"elementor-spacer-inner\"><\/div>\n\t\t<\/div>\n\t\t\t\t\t\t<\/div>\n\t\t\t\t<\/div>\n\t\t\t\t<div class=\"elementor-element elementor-element-e5ce9fb elementor-widget elementor-widget-image\" data-id=\"e5ce9fb\" data-element_type=\"widget\" data-e-type=\"widget\" data-widget_type=\"image.default\">\n\t\t\t\t<div class=\"elementor-widget-container\">\n\t\t\t\t\t\t\t\t\t\t\t\t\t\t\t<img decoding=\"async\" width=\"403\" height=\"238\" src=\"https:\/\/www.ahs-suodatus.com\/wp-content\/uploads\/2025\/10\/ahs-40-320.jpg\" class=\"attachment-large size-large wp-image-275\" alt=\"\" srcset=\"https:\/\/www.ahs-suodatus.com\/wp-content\/uploads\/2025\/10\/ahs-40-320.jpg 403w, https:\/\/www.ahs-suodatus.com\/wp-content\/uploads\/2025\/10\/ahs-40-320-300x177.jpg 300w\" sizes=\"(max-width: 403px) 100vw, 403px\" \/>\t\t\t\t\t\t\t\t\t\t\t\t\t\t\t<\/div>\n\t\t\t\t<\/div>\n\t\t\t\t<div class=\"elementor-element elementor-element-36b0894 elementor-widget elementor-widget-spacer\" data-id=\"36b0894\" data-element_type=\"widget\" data-e-type=\"widget\" data-widget_type=\"spacer.default\">\n\t\t\t\t<div class=\"elementor-widget-container\">\n\t\t\t\t\t\t\t<div class=\"elementor-spacer\">\n\t\t\t<div class=\"elementor-spacer-inner\"><\/div>\n\t\t<\/div>\n\t\t\t\t\t\t<\/div>\n\t\t\t\t<\/div>\n\t\t\t\t<div class=\"elementor-element elementor-element-a85a2ca elementor-widget elementor-widget-image\" data-id=\"a85a2ca\" data-element_type=\"widget\" data-e-type=\"widget\" data-widget_type=\"image.default\">\n\t\t\t\t<div class=\"elementor-widget-container\">\n\t\t\t\t\t\t\t\t\t\t\t\t\t\t\t<img decoding=\"async\" width=\"734\" height=\"251\" src=\"https:\/\/www.ahs-suodatus.com\/wp-content\/uploads\/2025\/10\/ahs-500.jpg\" class=\"attachment-large size-large wp-image-276\" alt=\"\" srcset=\"https:\/\/www.ahs-suodatus.com\/wp-content\/uploads\/2025\/10\/ahs-500.jpg 734w, https:\/\/www.ahs-suodatus.com\/wp-content\/uploads\/2025\/10\/ahs-500-300x103.jpg 300w\" sizes=\"(max-width: 734px) 100vw, 734px\" \/>\t\t\t\t\t\t\t\t\t\t\t\t\t\t\t<\/div>\n\t\t\t\t<\/div>\n\t\t\t\t<\/div>\n\t\t<div class=\"elementor-element elementor-element-e3644c8 e-con-full e-flex e-con e-child\" data-id=\"e3644c8\" data-element_type=\"container\" data-e-type=\"container\">\n\t\t\t\t<div class=\"elementor-element elementor-element-cdb739b elementor-widget elementor-widget-text-editor\" data-id=\"cdb739b\" data-element_type=\"widget\" data-e-type=\"widget\" data-widget_type=\"text-editor.default\">\n\t\t\t\t<div class=\"elementor-widget-container\">\n\t\t\t\t\t\t\t\t\t<p id=\"E411\" class=\"x-scope qowt-word-para-0\"><span id=\"E412\">AHS-aktiivihiilisuodattimet tarjoavat huippuluokan ratkaisun hajujen ja ep\u00e4puhtauksien poistamiseen ilmasta ja kaasusta. Suodattimemme soveltuvat laajasti erilaisiin k\u00e4ytt\u00f6kohteisiin, kuten <\/span><span id=\"E413\">laivoihin, <\/span><span id=\"E414\">omakotitaloihin, pumppaamoihin<\/span><span id=\"E415\"> ja <\/span><span id=\"E416\">teollisuuden tuotantotiloihin<\/span><\/p><p id=\"E417\" class=\"x-scope qowt-word-para-0\"><span id=\"E418\">Kaikki AHS-suodattimet on suunniteltu <\/span><span id=\"E419\">ja valmistettu <\/span><span id=\"E420\">Suomessa ja valmistetaan korkealaatuisesta PE-muovista, mik\u00e4 takaa kest\u00e4vyyden ja pitk\u00e4ik\u00e4isyyden. Mallistomme kattaa vapaasti hengitt\u00e4v\u00e4t mallit, tuulituulettimella varustetut ratkaisut sek\u00e4 tehokkaat kanavapuhallinsuodattimet, joilla voidaan hallita laajoja ilmam\u00e4\u00e4ri\u00e4. Lis\u00e4ksi tarjoamme r\u00e4\u00e4t\u00e4l\u00f6ityj\u00e4 suodatusratkaisuja erityisiin tarpeisiin, kuten korkean l\u00e4mp\u00f6tilan sovelluksiin tai ahtaisiin tiloihin.<\/span><\/p><div id=\"contentsContainer\" class=\"style-scope qowt-page\"><div id=\"contents\" class=\"style-scope qowt-page\"><p id=\"E421\" class=\"x-scope qowt-word-para-0\"><strong><span id=\"E422\">Valikoimamme<\/span><span id=\"E423\"> vakiotuotteet<\/span><span id=\"E424\">:<\/span><\/strong><\/p><ul><li id=\"E425\" class=\"qowt-li-1_0 qowt-list x-scope qowt-word-para-0\" role=\"listitem\" aria-roledescription=\"Bullet\"><strong><span id=\"E426\">Pienet suodattimet (AHS 2\u20138):<\/span><\/strong><span id=\"E427\"> Ihanteellisia omakotitaloihin ja pieniin pumppaamoihin. Saatavilla my\u00f6s vaihtopatruunaversioita, jotka helpottavat huoltoa.<\/span><\/li><\/ul><div>\u00a0<\/div><ul><li class=\"qowt-li-1_0 qowt-list x-scope qowt-word-para-0\" role=\"listitem\" aria-roledescription=\"Bullet\"><strong>Keskikokoiset mallit (AHS 40\u2013320):<\/strong><span id=\"E430\" style=\"font-family: -apple-system, BlinkMacSystemFont, 'Segoe UI', Roboto, 'Helvetica Neue', Arial, 'Noto Sans', sans-serif, 'Apple Color Emoji', 'Segoe UI Emoji', 'Segoe UI Symbol', 'Noto Color Emoji';\"> Soveltuvat monipuolisesti hajunpoistoon ja kaasujen suodatukseen. Voidaan varustaa kanavapuhaltimella tai k\u00e4ytt\u00e4\u00e4 vapaasti hengitt\u00e4vin\u00e4.<\/span><\/li><\/ul><div><span style=\"font-family: -apple-system, BlinkMacSystemFont, Segoe UI, Roboto, Helvetica Neue, Arial, Noto Sans, sans-serif, Apple Color Emoji, Segoe UI Emoji, Segoe UI Symbol, Noto Color Emoji;\">\u00a0<\/span><\/div><ul><li class=\"qowt-li-1_0 qowt-list x-scope qowt-word-para-0\" role=\"listitem\" aria-roledescription=\"Bullet\"><strong><span id=\"E432\">Teollisuusmallit (AHS 500\u20136000):<\/span><\/strong><span id=\"E434\"> Suunniteltu suurten ilmam\u00e4\u00e4rien k\u00e4sittelyyn. Varustettu tehokkailla FB-puhaltimilla ja taajuusmuuntajilla.<\/span><\/li><\/ul><div>\u00a0<\/div><ul><li class=\"qowt-li-1_0 qowt-list x-scope qowt-word-para-0\" role=\"listitem\" aria-roledescription=\"Bullet\"><strong><span id=\"E436\">Erikoisratkaisut (AHS 8000\u201320 000):<\/span><\/strong><span id=\"E437\"> Kattavat vaativimmatkin kohteet, kuten teollisuuden suuret tuotantotilat.<\/span><\/li><\/ul><div>\u00a0<\/div><ul><li class=\"qowt-li-1_0 qowt-list x-scope qowt-word-para-0\" role=\"listitem\" aria-roledescription=\"Bullet\"><strong><span id=\"E439\">R\u00e4\u00e4t\u00e4l\u00f6ity ratkaisu <\/span><\/strong>Suunnitellaan ja valmistetaan juuri teid\u00e4n <span id=\"E443\" style=\"font-family: -apple-system, BlinkMacSystemFont, 'Segoe UI', Roboto, 'Helvetica Neue', Arial, 'Noto Sans', sans-serif, 'Apple Color Emoji', 'Segoe UI Emoji', 'Segoe UI Symbol', 'Noto Color Emoji';\">kohteeseen<\/span><span id=\"E445\" style=\"font-family: -apple-system, BlinkMacSystemFont, 'Segoe UI', Roboto, 'Helvetica Neue', Arial, 'Noto Sans', sans-serif, 'Apple Color Emoji', 'Segoe UI Emoji', 'Segoe UI Symbol', 'Noto Color Emoji';\"> sopiva suodatin. Rajaavia tekij\u00f6it\u00e4 voi olla mm. <\/span><span id=\"E447\" style=\"font-family: -apple-system, BlinkMacSystemFont, 'Segoe UI', Roboto, 'Helvetica Neue', Arial, 'Noto Sans', sans-serif, 'Apple Color Emoji', 'Segoe UI Emoji', 'Segoe UI Symbol', 'Noto Color Emoji';\">tila<\/span><span id=\"E449\" style=\"font-family: -apple-system, BlinkMacSystemFont, 'Segoe UI', Roboto, 'Helvetica Neue', Arial, 'Noto Sans', sans-serif, 'Apple Color Emoji', 'Segoe UI Emoji', 'Segoe UI Symbol', 'Noto Color Emoji';\"> jolloin suodattimen muotoa muutetaan tai l\u00e4mp\u00f6 jolloin suodatin valmistetaan metallista.<\/span><\/li><\/ul><div><span style=\"font-family: -apple-system, BlinkMacSystemFont, Segoe UI, Roboto, Helvetica Neue, Arial, Noto Sans, sans-serif, Apple Color Emoji, Segoe UI Emoji, Segoe UI Symbol, Noto Color Emoji;\">\u00a0<\/span><\/div><p>Kaikissa suodattimissamme on irrotettavat kannet tai huoltoluukut, mik\u00e4 tekee hiilen vaihdosta ja huollosta vaivatonta. Oikean suodattimen valinta ja huolto-ohjeistus ovat t\u00e4rke\u00e4 osa palveluamme, ja asiantuntijamme auttavat sinua l\u00f6yt\u00e4m\u00e4\u00e4n tarpeisiisi parhaiten sopivan ratkaisun.<\/p><p id=\"E453\" class=\"x-scope qowt-word-para-0\"><span id=\"E454\">Anna ilmanlaadun parantaminen meid\u00e4n vastuullemme \u2013 AHS-aktiivihiilisuodattimet takaavat tehokkaan ja luotettavan suodatuksen jokaiseen tarpeeseen! <\/span><\/p><\/div><\/div>\t\t\t\t\t\t\t\t<\/div>\n\t\t\t\t<\/div>\n\t\t\t\t<\/div>\n\t\t\t\t\t<\/div>\n\t\t\t\t<\/div>\n\t\t<div class=\"elementor-element elementor-element-ff8fd17 e-flex e-con-boxed e-con e-parent\" data-id=\"ff8fd17\" data-element_type=\"container\" data-e-type=\"container\">\n\t\t\t\t\t<div class=\"e-con-inner\">\n\t\t\t\t<div class=\"elementor-element elementor-element-29365f2 elementor-arrows-position-inside elementor-pagination-position-outside elementor-widget elementor-widget-image-carousel\" data-id=\"29365f2\" data-element_type=\"widget\" data-e-type=\"widget\" data-settings=\"{&quot;navigation&quot;:&quot;both&quot;,&quot;autoplay&quot;:&quot;yes&quot;,&quot;pause_on_hover&quot;:&quot;yes&quot;,&quot;pause_on_interaction&quot;:&quot;yes&quot;,&quot;autoplay_speed&quot;:5000,&quot;infinite&quot;:&quot;yes&quot;,&quot;speed&quot;:500}\" data-widget_type=\"image-carousel.default\">\n\t\t\t\t<div class=\"elementor-widget-container\">\n\t\t\t\t\t\t\t<div class=\"elementor-image-carousel-wrapper swiper\" role=\"region\" aria-roledescription=\"carousel\" aria-label=\"Kuvakaruselli\" dir=\"ltr\">\n\t\t\t<div class=\"elementor-image-carousel swiper-wrapper\" aria-live=\"off\">\n\t\t\t\t\t\t\t\t<div class=\"swiper-slide\" role=\"group\" aria-roledescription=\"slide\" aria-label=\"1 of 8\"><figure class=\"swiper-slide-inner\"><img decoding=\"async\" class=\"swiper-slide-image\" src=\"https:\/\/www.ahs-suodatus.com\/wp-content\/uploads\/2025\/10\/ref4-232x300.jpg\" alt=\"ref4\" \/><\/figure><\/div><div class=\"swiper-slide\" role=\"group\" aria-roledescription=\"slide\" aria-label=\"2 of 8\"><figure class=\"swiper-slide-inner\"><img decoding=\"async\" class=\"swiper-slide-image\" src=\"https:\/\/www.ahs-suodatus.com\/wp-content\/uploads\/2025\/10\/ref3-300x265.jpg\" alt=\"ref3\" \/><\/figure><\/div><div class=\"swiper-slide\" role=\"group\" aria-roledescription=\"slide\" aria-label=\"3 of 8\"><figure class=\"swiper-slide-inner\"><img decoding=\"async\" class=\"swiper-slide-image\" src=\"https:\/\/www.ahs-suodatus.com\/wp-content\/uploads\/2025\/10\/ref2-232x300.jpg\" alt=\"ref2\" \/><\/figure><\/div><div class=\"swiper-slide\" role=\"group\" aria-roledescription=\"slide\" aria-label=\"4 of 8\"><figure class=\"swiper-slide-inner\"><img decoding=\"async\" class=\"swiper-slide-image\" src=\"https:\/\/www.ahs-suodatus.com\/wp-content\/uploads\/2025\/10\/ref1-267x300.jpg\" alt=\"ref1\" \/><\/figure><\/div><div class=\"swiper-slide\" role=\"group\" aria-roledescription=\"slide\" aria-label=\"5 of 8\"><figure class=\"swiper-slide-inner\"><img decoding=\"async\" class=\"swiper-slide-image\" src=\"https:\/\/www.ahs-suodatus.com\/wp-content\/uploads\/2025\/10\/IMG_4101-225x300.jpg\" alt=\"IMG_4101\" \/><\/figure><\/div><div class=\"swiper-slide\" role=\"group\" aria-roledescription=\"slide\" aria-label=\"6 of 8\"><figure class=\"swiper-slide-inner\"><img decoding=\"async\" class=\"swiper-slide-image\" src=\"https:\/\/www.ahs-suodatus.com\/wp-content\/uploads\/2025\/10\/IMG_4099-225x300.jpg\" alt=\"IMG_4099\" \/><\/figure><\/div><div class=\"swiper-slide\" role=\"group\" aria-roledescription=\"slide\" aria-label=\"7 of 8\"><figure class=\"swiper-slide-inner\"><img decoding=\"async\" class=\"swiper-slide-image\" src=\"https:\/\/www.ahs-suodatus.com\/wp-content\/uploads\/2025\/10\/IMG_2610-300x300.jpg\" alt=\"IMG_2610\" \/><\/figure><\/div><div class=\"swiper-slide\" role=\"group\" aria-roledescription=\"slide\" aria-label=\"8 of 8\"><figure class=\"swiper-slide-inner\"><img decoding=\"async\" class=\"swiper-slide-image\" src=\"https:\/\/www.ahs-suodatus.com\/wp-content\/uploads\/2025\/10\/IMG_2608-300x300.jpg\" alt=\"IMG_2608\" \/><\/figure><\/div>\t\t\t<\/div>\n\t\t\t\t\t\t\t\t\t\t\t\t<div class=\"elementor-swiper-button elementor-swiper-button-prev\" role=\"button\" tabindex=\"0\">\n\t\t\t\t\t\t<svg aria-hidden=\"true\" class=\"e-font-icon-svg e-eicon-chevron-left\" viewBox=\"0 0 1000 1000\" xmlns=\"http:\/\/www.w3.org\/2000\/svg\"><path d=\"M646 125C629 125 613 133 604 142L308 442C296 454 292 471 292 487 292 504 296 521 308 533L604 854C617 867 629 875 646 875 663 875 679 871 692 858 704 846 713 829 713 812 713 796 708 779 692 767L438 487 692 225C700 217 708 204 708 187 708 171 704 154 692 142 675 129 663 125 646 125Z\"><\/path><\/svg>\t\t\t\t\t<\/div>\n\t\t\t\t\t<div class=\"elementor-swiper-button elementor-swiper-button-next\" role=\"button\" tabindex=\"0\">\n\t\t\t\t\t\t<svg aria-hidden=\"true\" class=\"e-font-icon-svg e-eicon-chevron-right\" viewBox=\"0 0 1000 1000\" xmlns=\"http:\/\/www.w3.org\/2000\/svg\"><path d=\"M696 533C708 521 713 504 713 487 713 471 708 454 696 446L400 146C388 133 375 125 354 125 338 125 325 129 313 142 300 154 292 171 292 187 292 204 296 221 308 233L563 492 304 771C292 783 288 800 288 817 288 833 296 850 308 863 321 871 338 875 354 875 371 875 388 867 400 854L696 533Z\"><\/path><\/svg>\t\t\t\t\t<\/div>\n\t\t\t\t\n\t\t\t\t\t\t\t\t\t<div class=\"swiper-pagination\"><\/div>\n\t\t\t\t\t\t\t\t\t<\/div>\n\t\t\t\t\t\t<\/div>\n\t\t\t\t<\/div>\n\t\t\t\t\t<\/div>\n\t\t\t\t<\/div>\n\t\t<div class=\"elementor-element elementor-element-55ed615 e-flex e-con-boxed e-con e-parent\" data-id=\"55ed615\" data-element_type=\"container\" data-e-type=\"container\" data-settings=\"{&quot;background_background&quot;:&quot;classic&quot;}\">\n\t\t\t\t\t<div class=\"e-con-inner\">\n\t\t<div class=\"elementor-element elementor-element-f8f43fa e-con-full e-flex e-con e-child\" data-id=\"f8f43fa\" data-element_type=\"container\" data-e-type=\"container\">\n\t\t\t\t<div class=\"elementor-element elementor-element-67b17ad elementor-widget elementor-widget-heading\" data-id=\"67b17ad\" data-element_type=\"widget\" data-e-type=\"widget\" data-widget_type=\"heading.default\">\n\t\t\t\t<div class=\"elementor-widget-container\">\n\t\t\t\t\t<h2 class=\"elementor-heading-title elementor-size-default\">haluaisitko j\u00e4lleenmyyj\u00e4ksi?<\/h2>\t\t\t\t<\/div>\n\t\t\t\t<\/div>\n\t\t\t\t<div class=\"elementor-element elementor-element-e4e9fd6 elementor-widget elementor-widget-text-editor\" data-id=\"e4e9fd6\" data-element_type=\"widget\" data-e-type=\"widget\" data-widget_type=\"text-editor.default\">\n\t\t\t\t<div class=\"elementor-widget-container\">\n\t\t\t\t\t\t\t\t\t<p>Haluaisitko toimia yhteisty\u00f6ss\u00e4 alan johtavien asiantuntijoiden ja parhaiden tuotteiden kanssa?<\/p><p>Haemme jatkuvasti uusia ajatuksia ja kanavia, joista l\u00f6ytyy lis\u00e4\u00e4 kauppaa. Tarjoamme j\u00e4lleenmyyjillemme hyv\u00e4t mahdollisuudet menestykseen tuotteillamme niin tuloksellisesti kuin tyytyv\u00e4isten asiakkaiden my\u00f6t\u00e4.<\/p>\t\t\t\t\t\t\t\t<\/div>\n\t\t\t\t<\/div>\n\t\t\t\t<div class=\"elementor-element elementor-element-d8f7eb4 elementor-widget elementor-widget-button\" data-id=\"d8f7eb4\" data-element_type=\"widget\" data-e-type=\"widget\" data-widget_type=\"button.default\">\n\t\t\t\t<div class=\"elementor-widget-container\">\n\t\t\t\t\t\t\t\t\t<div class=\"elementor-button-wrapper\">\n\t\t\t\t\t<a class=\"elementor-button elementor-button-link elementor-size-sm elementor-animation-shrink\" href=\"https:\/\/www.ahs-suodatus.com\/index.php\/yhteydenotto\/\">\n\t\t\t\t\t\t<span class=\"elementor-button-content-wrapper\">\n\t\t\t\t\t\t\t\t\t<span class=\"elementor-button-text\">Haluan j\u00e4lleenmyyj\u00e4ksi<\/span>\n\t\t\t\t\t<\/span>\n\t\t\t\t\t<\/a>\n\t\t\t\t<\/div>\n\t\t\t\t\t\t\t\t<\/div>\n\t\t\t\t<\/div>\n\t\t\t\t<\/div>\n\t\t<div class=\"elementor-element elementor-element-d1233ef e-con-full e-flex e-con e-child\" data-id=\"d1233ef\" data-element_type=\"container\" data-e-type=\"container\">\n\t\t\t\t<div class=\"elementor-element elementor-element-537f6cd elementor-widget elementor-widget-image\" data-id=\"537f6cd\" data-element_type=\"widget\" data-e-type=\"widget\" data-widget_type=\"image.default\">\n\t\t\t\t<div class=\"elementor-widget-container\">\n\t\t\t\t\t\t\t\t\t\t\t\t\t\t\t<img loading=\"lazy\" decoding=\"async\" width=\"800\" height=\"534\" src=\"https:\/\/www.ahs-suodatus.com\/wp-content\/uploads\/2025\/01\/markus-winkler-IrRbSND5EUc-unsplash-1024x683.jpg\" class=\"attachment-large size-large wp-image-37\" alt=\"\" srcset=\"https:\/\/www.ahs-suodatus.com\/wp-content\/uploads\/2025\/01\/markus-winkler-IrRbSND5EUc-unsplash-1024x683.jpg 1024w, https:\/\/www.ahs-suodatus.com\/wp-content\/uploads\/2025\/01\/markus-winkler-IrRbSND5EUc-unsplash-300x200.jpg 300w, https:\/\/www.ahs-suodatus.com\/wp-content\/uploads\/2025\/01\/markus-winkler-IrRbSND5EUc-unsplash-768x512.jpg 768w, https:\/\/www.ahs-suodatus.com\/wp-content\/uploads\/2025\/01\/markus-winkler-IrRbSND5EUc-unsplash-1536x1024.jpg 1536w, https:\/\/www.ahs-suodatus.com\/wp-content\/uploads\/2025\/01\/markus-winkler-IrRbSND5EUc-unsplash-2048x1365.jpg 2048w\" sizes=\"(max-width: 800px) 100vw, 800px\" \/>\t\t\t\t\t\t\t\t\t\t\t\t\t\t\t<\/div>\n\t\t\t\t<\/div>\n\t\t\t\t<\/div>\n\t\t\t\t\t<\/div>\n\t\t\t\t<\/div>\n\t\t<div class=\"elementor-element elementor-element-b2642be elementor-hidden-desktop elementor-hidden-tablet elementor-hidden-mobile e-flex e-con-boxed e-con e-parent\" data-id=\"b2642be\" data-element_type=\"container\" data-e-type=\"container\">\n\t\t\t\t\t<div class=\"e-con-inner\">\n\t\t\t\t<div class=\"elementor-element elementor-element-6bd9345 elementor-widget elementor-widget-heading\" data-id=\"6bd9345\" data-element_type=\"widget\" data-e-type=\"widget\" data-widget_type=\"heading.default\">\n\t\t\t\t<div class=\"elementor-widget-container\">\n\t\t\t\t\t<h2 class=\"elementor-heading-title elementor-size-default\">meihin luottavat<\/h2>\t\t\t\t<\/div>\n\t\t\t\t<\/div>\n\t\t\t\t\t<\/div>\n\t\t\t\t<\/div>\n\t\t<div class=\"elementor-element elementor-element-7c761c7 elementor-hidden-desktop elementor-hidden-tablet elementor-hidden-mobile e-flex e-con-boxed e-con e-parent\" data-id=\"7c761c7\" data-element_type=\"container\" data-e-type=\"container\">\n\t\t\t\t\t<div class=\"e-con-inner\">\n\t\t\t\t<div class=\"elementor-element elementor-element-ee09ce3 elementor-arrows-position-inside elementor-pagination-position-outside elementor-widget elementor-widget-image-carousel\" data-id=\"ee09ce3\" data-element_type=\"widget\" data-e-type=\"widget\" data-settings=\"{&quot;autoplay_speed&quot;:7000,&quot;navigation&quot;:&quot;both&quot;,&quot;autoplay&quot;:&quot;yes&quot;,&quot;pause_on_hover&quot;:&quot;yes&quot;,&quot;pause_on_interaction&quot;:&quot;yes&quot;,&quot;infinite&quot;:&quot;yes&quot;,&quot;speed&quot;:500}\" data-widget_type=\"image-carousel.default\">\n\t\t\t\t<div class=\"elementor-widget-container\">\n\t\t\t\t\t\t\t<div class=\"elementor-image-carousel-wrapper swiper\" role=\"region\" aria-roledescription=\"carousel\" aria-label=\"Kuvakaruselli\" dir=\"ltr\">\n\t\t\t<div class=\"elementor-image-carousel swiper-wrapper\" aria-live=\"off\">\n\t\t\t\t\t\t\t\t<div class=\"swiper-slide\" role=\"group\" aria-roledescription=\"slide\" aria-label=\"1 of 5\"><figure class=\"swiper-slide-inner\"><img decoding=\"async\" class=\"swiper-slide-image\" src=\"https:\/\/www.ahs-suodatus.com\/wp-content\/uploads\/2025\/01\/Onninen_logo_2021.png\" alt=\"Onninen_logo_2021\" \/><\/figure><\/div><div class=\"swiper-slide\" role=\"group\" aria-roledescription=\"slide\" aria-label=\"2 of 5\"><figure class=\"swiper-slide-inner\"><img decoding=\"async\" class=\"swiper-slide-image\" src=\"https:\/\/www.ahs-suodatus.com\/wp-content\/uploads\/2025\/01\/Meyer_Turku_logo.svg-1024x348.png\" alt=\"Meyer_Turku_logo.svg\" \/><\/figure><\/div><div class=\"swiper-slide\" role=\"group\" aria-roledescription=\"slide\" aria-label=\"3 of 5\"><figure class=\"swiper-slide-inner\"><img decoding=\"async\" class=\"swiper-slide-image\" src=\"https:\/\/www.ahs-suodatus.com\/wp-content\/uploads\/2025\/01\/biovoima-PUWG-logo-valkoinen-tausta.png\" alt=\"biovoima-PUWG-logo-valkoinen-tausta\" \/><\/figure><\/div><div class=\"swiper-slide\" role=\"group\" aria-roledescription=\"slide\" aria-label=\"4 of 5\"><figure class=\"swiper-slide-inner\"><img decoding=\"async\" class=\"swiper-slide-image\" src=\"https:\/\/www.ahs-suodatus.com\/wp-content\/uploads\/2025\/01\/A4-16-e1736171422386.png\" alt=\"A4-16\" \/><\/figure><\/div><div class=\"swiper-slide\" role=\"group\" aria-roledescription=\"slide\" aria-label=\"5 of 5\"><figure class=\"swiper-slide-inner\"><img decoding=\"async\" class=\"swiper-slide-image\" src=\"https:\/\/www.ahs-suodatus.com\/wp-content\/uploads\/2025\/01\/download.jpeg\" alt=\"download\" \/><\/figure><\/div>\t\t\t<\/div>\n\t\t\t\t\t\t\t\t\t\t\t\t<div class=\"elementor-swiper-button elementor-swiper-button-prev\" role=\"button\" tabindex=\"0\">\n\t\t\t\t\t\t<svg aria-hidden=\"true\" class=\"e-font-icon-svg e-eicon-chevron-left\" viewBox=\"0 0 1000 1000\" xmlns=\"http:\/\/www.w3.org\/2000\/svg\"><path d=\"M646 125C629 125 613 133 604 142L308 442C296 454 292 471 292 487 292 504 296 521 308 533L604 854C617 867 629 875 646 875 663 875 679 871 692 858 704 846 713 829 713 812 713 796 708 779 692 767L438 487 692 225C700 217 708 204 708 187 708 171 704 154 692 142 675 129 663 125 646 125Z\"><\/path><\/svg>\t\t\t\t\t<\/div>\n\t\t\t\t\t<div class=\"elementor-swiper-button elementor-swiper-button-next\" role=\"button\" tabindex=\"0\">\n\t\t\t\t\t\t<svg aria-hidden=\"true\" class=\"e-font-icon-svg e-eicon-chevron-right\" viewBox=\"0 0 1000 1000\" xmlns=\"http:\/\/www.w3.org\/2000\/svg\"><path d=\"M696 533C708 521 713 504 713 487 713 471 708 454 696 446L400 146C388 133 375 125 354 125 338 125 325 129 313 142 300 154 292 171 292 187 292 204 296 221 308 233L563 492 304 771C292 783 288 800 288 817 288 833 296 850 308 863 321 871 338 875 354 875 371 875 388 867 400 854L696 533Z\"><\/path><\/svg>\t\t\t\t\t<\/div>\n\t\t\t\t\n\t\t\t\t\t\t\t\t\t<div class=\"swiper-pagination\"><\/div>\n\t\t\t\t\t\t\t\t\t<\/div>\n\t\t\t\t\t\t<\/div>\n\t\t\t\t<\/div>\n\t\t\t\t\t<\/div>\n\t\t\t\t<\/div>\n\t\t\t\t<\/div>\n\t\t","protected":false},"excerpt":{"rendered":"<p>aktiivihiilisuodattimet AKTIIVIHIILI-suodattimet AHS-aktiivihiilisuodattimet tarjoavat huippuluokan ratkaisun hajujen ja ep\u00e4puhtauksien poistamiseen ilmasta ja kaasusta. Suodattimemme soveltuvat laajasti erilaisiin k\u00e4ytt\u00f6kohteisiin, kuten laivoihin, omakotitaloihin, pumppaamoihin ja teollisuuden tuotantotiloihin Kaikki AHS-suodattimet on suunniteltu ja valmistettu Suomessa ja valmistetaan korkealaatuisesta PE-muovista, mik\u00e4 takaa kest\u00e4vyyden ja pitk\u00e4ik\u00e4isyyden. Mallistomme kattaa vapaasti hengitt\u00e4v\u00e4t mallit, tuulituulettimella varustetut ratkaisut sek\u00e4 tehokkaat kanavapuhallinsuodattimet, joilla voidaan hallita [&hellip;]<\/p>\n","protected":false},"author":2,"featured_media":0,"parent":0,"menu_order":0,"comment_status":"closed","ping_status":"closed","template":"","meta":{"footnotes":""},"class_list":["post-264","page","type-page","status-publish","hentry"],"_links":{"self":[{"href":"https:\/\/www.ahs-suodatus.com\/index.php\/wp-json\/wp\/v2\/pages\/264","targetHints":{"allow":["GET"]}}],"collection":[{"href":"https:\/\/www.ahs-suodatus.com\/index.php\/wp-json\/wp\/v2\/pages"}],"about":[{"href":"https:\/\/www.ahs-suodatus.com\/index.php\/wp-json\/wp\/v2\/types\/page"}],"author":[{"embeddable":true,"href":"https:\/\/www.ahs-suodatus.com\/index.php\/wp-json\/wp\/v2\/users\/2"}],"replies":[{"embeddable":true,"href":"https:\/\/www.ahs-suodatus.com\/index.php\/wp-json\/wp\/v2\/comments?post=264"}],"version-history":[{"count":11,"href":"https:\/\/www.ahs-suodatus.com\/index.php\/wp-json\/wp\/v2\/pages\/264\/revisions"}],"predecessor-version":[{"id":347,"href":"https:\/\/www.ahs-suodatus.com\/index.php\/wp-json\/wp\/v2\/pages\/264\/revisions\/347"}],"wp:attachment":[{"href":"https:\/\/www.ahs-suodatus.com\/index.php\/wp-json\/wp\/v2\/media?parent=264"}],"curies":[{"name":"wp","href":"https:\/\/api.w.org\/{rel}","templated":true}]}}