{"id":21,"date":"2025-02-19T19:13:54","date_gmt":"2025-02-19T19:13:54","guid":{"rendered":"https:\/\/www.ahs-suodatus.com\/?page_id=21"},"modified":"2025-10-30T16:47:16","modified_gmt":"2025-10-30T16:47:16","slug":"etusivu","status":"publish","type":"page","link":"https:\/\/www.ahs-suodatus.com\/","title":{"rendered":"Etusivu"},"content":{"rendered":"\t\t<div data-elementor-type=\"wp-page\" data-elementor-id=\"21\" class=\"elementor elementor-21\" data-elementor-post-type=\"page\">\n\t\t\t\t<div class=\"elementor-element elementor-element-ffad314 e-grid e-con-boxed e-con e-parent\" data-id=\"ffad314\" data-element_type=\"container\" data-e-type=\"container\" data-settings=\"{&quot;background_background&quot;:&quot;classic&quot;}\">\n\t\t\t\t\t<div class=\"e-con-inner\">\n\t\t<div class=\"elementor-element elementor-element-aae975e e-con-full e-flex e-con e-child\" data-id=\"aae975e\" data-element_type=\"container\" data-e-type=\"container\">\n\t\t\t\t<div class=\"elementor-element elementor-element-2cd6e2a elementor-widget elementor-widget-heading\" data-id=\"2cd6e2a\" data-element_type=\"widget\" data-e-type=\"widget\" data-widget_type=\"heading.default\">\n\t\t\t\t<div class=\"elementor-widget-container\">\n\t\t\t\t\t<h2 class=\"elementor-heading-title elementor-size-default\">avain puhtaaseen ilmaan ja raikkaaseen veteen<\/h2>\t\t\t\t<\/div>\n\t\t\t\t<\/div>\n\t\t\t\t<div class=\"elementor-element elementor-element-dd2a417 elementor-widget elementor-widget-text-editor\" data-id=\"dd2a417\" data-element_type=\"widget\" data-e-type=\"widget\" data-widget_type=\"text-editor.default\">\n\t\t\t\t<div class=\"elementor-widget-container\">\n\t\t\t\t\t\t\t\t\t<p>AHS-suodatus toimittaa aktiivihiilt\u00e4 ja suodattimia haitallisten yhdisteiden poistoon ilmasta ja vedest\u00e4<\/p><p>Ongelmana haju- tai VOC-p\u00e4\u00e4st\u00f6t?&nbsp;<\/p><p>Puhdistatko vett\u00e4 suuressa mittakaavassa?<\/p><p>AHS auttaa!&nbsp;<\/p>\t\t\t\t\t\t\t\t<\/div>\n\t\t\t\t<\/div>\n\t\t\t\t<div class=\"elementor-element elementor-element-5b22d58 elementor-widget elementor-widget-button\" data-id=\"5b22d58\" data-element_type=\"widget\" data-e-type=\"widget\" data-widget_type=\"button.default\">\n\t\t\t\t<div class=\"elementor-widget-container\">\n\t\t\t\t\t\t\t\t\t<div class=\"elementor-button-wrapper\">\n\t\t\t\t\t<a class=\"elementor-button elementor-button-link elementor-size-sm elementor-animation-shrink\" href=\"https:\/\/www.ahs-suodatus.com\/index.php\/yhteydenotto\/\">\n\t\t\t\t\t\t<span class=\"elementor-button-content-wrapper\">\n\t\t\t\t\t\t\t\t\t<span class=\"elementor-button-text\">Ota yhteytt\u00e4<\/span>\n\t\t\t\t\t<\/span>\n\t\t\t\t\t<\/a>\n\t\t\t\t<\/div>\n\t\t\t\t\t\t\t\t<\/div>\n\t\t\t\t<\/div>\n\t\t\t\t<div class=\"elementor-element elementor-element-66e0ff5 elementor-widget elementor-widget-button\" data-id=\"66e0ff5\" data-element_type=\"widget\" data-e-type=\"widget\" data-widget_type=\"button.default\">\n\t\t\t\t<div class=\"elementor-widget-container\">\n\t\t\t\t\t\t\t\t\t<div class=\"elementor-button-wrapper\">\n\t\t\t\t\t<a class=\"elementor-button elementor-button-link elementor-size-sm elementor-animation-shrink\" href=\"https:\/\/www.ahs-suodatus.com\/index.php\/huoltopalvelut-2\/\">\n\t\t\t\t\t\t<span class=\"elementor-button-content-wrapper\">\n\t\t\t\t\t\t\t\t\t<span class=\"elementor-button-text\">Lue lis\u00e4\u00e4 palveluista<\/span>\n\t\t\t\t\t<\/span>\n\t\t\t\t\t<\/a>\n\t\t\t\t<\/div>\n\t\t\t\t\t\t\t\t<\/div>\n\t\t\t\t<\/div>\n\t\t\t\t<\/div>\n\t\t\t\t\t<\/div>\n\t\t\t\t<\/div>\n\t\t<div class=\"elementor-element elementor-element-77d099e e-flex e-con-boxed e-con e-parent\" data-id=\"77d099e\" data-element_type=\"container\" data-e-type=\"container\">\n\t\t\t\t\t<div class=\"e-con-inner\">\n\t\t<div class=\"elementor-element elementor-element-d16b547 e-con-full e-flex e-con e-child\" data-id=\"d16b547\" data-element_type=\"container\" data-e-type=\"container\">\n\t\t\t\t<div class=\"elementor-element elementor-element-45d0c87 elementor-widget elementor-widget-heading\" data-id=\"45d0c87\" data-element_type=\"widget\" data-e-type=\"widget\" data-widget_type=\"heading.default\">\n\t\t\t\t<div class=\"elementor-widget-container\">\n\t\t\t\t\t<h2 class=\"elementor-heading-title elementor-size-default\">palvelumme<\/h2>\t\t\t\t<\/div>\n\t\t\t\t<\/div>\n\t\t\t\t<\/div>\n\t\t<div class=\"elementor-element elementor-element-e3644c8 e-con-full e-flex e-con e-child\" data-id=\"e3644c8\" data-element_type=\"container\" data-e-type=\"container\">\n\t\t\t\t<div class=\"elementor-element elementor-element-cdb739b elementor-widget elementor-widget-text-editor\" data-id=\"cdb739b\" data-element_type=\"widget\" data-e-type=\"widget\" data-widget_type=\"text-editor.default\">\n\t\t\t\t<div class=\"elementor-widget-container\">\n\t\t\t\t\t\t\t\t\t<p>Tuotevalikoimastamme l\u00f6ytyy erilaiset aktiivihiilet kilotavarana, aktiivihiilisuodattimet sek\u00e4<br \/>kokonaisvaltaiset suodatinhuollon palvelut. Asiantuntijamme auttaa teit\u00e4 l\u00f6yt\u00e4m\u00e4\u00e4n oikean hiililaadun tarpeeseenne, suunnittelee teille oikein mitoitetun suodatin kokonaisuuden tai hoitaa laitteistonne huoltotarpeet.<\/p>\t\t\t\t\t\t\t\t<\/div>\n\t\t\t\t<\/div>\n\t\t\t\t<\/div>\n\t\t\t\t\t<\/div>\n\t\t\t\t<\/div>\n\t\t<div class=\"elementor-element elementor-element-739fc3f e-flex e-con-boxed e-con e-parent\" data-id=\"739fc3f\" data-element_type=\"container\" data-e-type=\"container\">\n\t\t\t\t\t<div class=\"e-con-inner\">\n\t\t<div class=\"elementor-element elementor-element-df2986c e-con-full e-flex e-con e-child\" data-id=\"df2986c\" data-element_type=\"container\" data-e-type=\"container\">\n\t\t\t\t<div class=\"elementor-element elementor-element-1bb6dba elementor-widget elementor-widget-image\" data-id=\"1bb6dba\" data-element_type=\"widget\" data-e-type=\"widget\" data-widget_type=\"image.default\">\n\t\t\t\t<div class=\"elementor-widget-container\">\n\t\t\t\t\t\t\t\t\t\t\t\t\t\t\t<img fetchpriority=\"high\" decoding=\"async\" width=\"500\" height=\"300\" src=\"https:\/\/www.ahs-suodatus.com\/wp-content\/uploads\/2025\/01\/activated-carbon-500x300-Medium.png\" class=\"attachment-large size-large wp-image-34\" alt=\"\" srcset=\"https:\/\/www.ahs-suodatus.com\/wp-content\/uploads\/2025\/01\/activated-carbon-500x300-Medium.png 500w, https:\/\/www.ahs-suodatus.com\/wp-content\/uploads\/2025\/01\/activated-carbon-500x300-Medium-300x180.png 300w\" sizes=\"(max-width: 500px) 100vw, 500px\" \/>\t\t\t\t\t\t\t\t\t\t\t\t\t\t\t<\/div>\n\t\t\t\t<\/div>\n\t\t\t\t<div class=\"elementor-element elementor-element-398ad78 elementor-widget elementor-widget-heading\" data-id=\"398ad78\" data-element_type=\"widget\" data-e-type=\"widget\" data-widget_type=\"heading.default\">\n\t\t\t\t<div class=\"elementor-widget-container\">\n\t\t\t\t\t<h2 class=\"elementor-heading-title elementor-size-default\">aktiivihiilet<\/h2>\t\t\t\t<\/div>\n\t\t\t\t<\/div>\n\t\t\t\t<div class=\"elementor-element elementor-element-ee2ba0e elementor-align-center elementor-widget elementor-widget-button\" data-id=\"ee2ba0e\" data-element_type=\"widget\" data-e-type=\"widget\" data-widget_type=\"button.default\">\n\t\t\t\t<div class=\"elementor-widget-container\">\n\t\t\t\t\t\t\t\t\t<div class=\"elementor-button-wrapper\">\n\t\t\t\t\t<a class=\"elementor-button elementor-button-link elementor-size-sm elementor-animation-shrink\" href=\"https:\/\/www.ahs-suodatus.com\/index.php\/aktiivihiilet\/\">\n\t\t\t\t\t\t<span class=\"elementor-button-content-wrapper\">\n\t\t\t\t\t\t\t\t\t<span class=\"elementor-button-text\">Lue lis\u00e4\u00e4<\/span>\n\t\t\t\t\t<\/span>\n\t\t\t\t\t<\/a>\n\t\t\t\t<\/div>\n\t\t\t\t\t\t\t\t<\/div>\n\t\t\t\t<\/div>\n\t\t\t\t<\/div>\n\t\t<div class=\"elementor-element elementor-element-a2b234c e-con-full e-flex e-con e-child\" data-id=\"a2b234c\" data-element_type=\"container\" data-e-type=\"container\">\n\t\t\t\t<div class=\"elementor-element elementor-element-16a17a9 elementor-widget elementor-widget-image\" data-id=\"16a17a9\" data-element_type=\"widget\" data-e-type=\"widget\" data-widget_type=\"image.default\">\n\t\t\t\t<div class=\"elementor-widget-container\">\n\t\t\t\t\t\t\t\t\t\t\t\t\t\t\t<img decoding=\"async\" width=\"500\" height=\"300\" src=\"https:\/\/www.ahs-suodatus.com\/wp-content\/uploads\/2025\/01\/ahs-200-320.png\" class=\"attachment-medium_large size-medium_large wp-image-35\" alt=\"\" srcset=\"https:\/\/www.ahs-suodatus.com\/wp-content\/uploads\/2025\/01\/ahs-200-320.png 500w, https:\/\/www.ahs-suodatus.com\/wp-content\/uploads\/2025\/01\/ahs-200-320-300x180.png 300w\" sizes=\"(max-width: 500px) 100vw, 500px\" \/>\t\t\t\t\t\t\t\t\t\t\t\t\t\t\t<\/div>\n\t\t\t\t<\/div>\n\t\t\t\t<div class=\"elementor-element elementor-element-327a0f0 elementor-widget elementor-widget-heading\" data-id=\"327a0f0\" data-element_type=\"widget\" data-e-type=\"widget\" data-widget_type=\"heading.default\">\n\t\t\t\t<div class=\"elementor-widget-container\">\n\t\t\t\t\t<h2 class=\"elementor-heading-title elementor-size-default\">aktiivihiilisuodattimet<\/h2>\t\t\t\t<\/div>\n\t\t\t\t<\/div>\n\t\t\t\t<div class=\"elementor-element elementor-element-c13dc44 elementor-align-center elementor-widget elementor-widget-button\" data-id=\"c13dc44\" data-element_type=\"widget\" data-e-type=\"widget\" data-widget_type=\"button.default\">\n\t\t\t\t<div class=\"elementor-widget-container\">\n\t\t\t\t\t\t\t\t\t<div class=\"elementor-button-wrapper\">\n\t\t\t\t\t<a class=\"elementor-button elementor-button-link elementor-size-sm elementor-animation-shrink\" href=\"https:\/\/www.ahs-suodatus.com\/index.php\/aktiivihiilisuodattimet-2\/\">\n\t\t\t\t\t\t<span class=\"elementor-button-content-wrapper\">\n\t\t\t\t\t\t\t\t\t<span class=\"elementor-button-text\">Lue lis\u00e4\u00e4<\/span>\n\t\t\t\t\t<\/span>\n\t\t\t\t\t<\/a>\n\t\t\t\t<\/div>\n\t\t\t\t\t\t\t\t<\/div>\n\t\t\t\t<\/div>\n\t\t\t\t<\/div>\n\t\t<div class=\"elementor-element elementor-element-a52e8c8 e-con-full e-flex e-con e-child\" data-id=\"a52e8c8\" data-element_type=\"container\" data-e-type=\"container\">\n\t\t\t\t<div class=\"elementor-element elementor-element-5ba59a5 elementor-widget elementor-widget-image\" data-id=\"5ba59a5\" data-element_type=\"widget\" data-e-type=\"widget\" data-widget_type=\"image.default\">\n\t\t\t\t<div class=\"elementor-widget-container\">\n\t\t\t\t\t\t\t\t\t\t\t\t\t\t\t<img decoding=\"async\" width=\"500\" height=\"300\" src=\"https:\/\/www.ahs-suodatus.com\/wp-content\/uploads\/2025\/01\/IMG_3816.png\" class=\"attachment-large size-large wp-image-44\" alt=\"\" srcset=\"https:\/\/www.ahs-suodatus.com\/wp-content\/uploads\/2025\/01\/IMG_3816.png 500w, https:\/\/www.ahs-suodatus.com\/wp-content\/uploads\/2025\/01\/IMG_3816-300x180.png 300w\" sizes=\"(max-width: 500px) 100vw, 500px\" \/>\t\t\t\t\t\t\t\t\t\t\t\t\t\t\t<\/div>\n\t\t\t\t<\/div>\n\t\t\t\t<div class=\"elementor-element elementor-element-f2f4e41 elementor-widget elementor-widget-heading\" data-id=\"f2f4e41\" data-element_type=\"widget\" data-e-type=\"widget\" data-widget_type=\"heading.default\">\n\t\t\t\t<div class=\"elementor-widget-container\">\n\t\t\t\t\t<h2 class=\"elementor-heading-title elementor-size-default\">huoltopalvelut<\/h2>\t\t\t\t<\/div>\n\t\t\t\t<\/div>\n\t\t\t\t<div class=\"elementor-element elementor-element-b896ded elementor-align-center elementor-widget elementor-widget-button\" data-id=\"b896ded\" data-element_type=\"widget\" data-e-type=\"widget\" data-widget_type=\"button.default\">\n\t\t\t\t<div class=\"elementor-widget-container\">\n\t\t\t\t\t\t\t\t\t<div class=\"elementor-button-wrapper\">\n\t\t\t\t\t<a class=\"elementor-button elementor-button-link elementor-size-sm elementor-animation-shrink\" href=\"https:\/\/www.ahs-suodatus.com\/index.php\/huoltopalvelut\/\">\n\t\t\t\t\t\t<span class=\"elementor-button-content-wrapper\">\n\t\t\t\t\t\t\t\t\t<span class=\"elementor-button-text\">Lue lis\u00e4\u00e4<\/span>\n\t\t\t\t\t<\/span>\n\t\t\t\t\t<\/a>\n\t\t\t\t<\/div>\n\t\t\t\t\t\t\t\t<\/div>\n\t\t\t\t<\/div>\n\t\t\t\t<\/div>\n\t\t\t\t\t<\/div>\n\t\t\t\t<\/div>\n\t\t<div class=\"elementor-element elementor-element-55ed615 e-flex e-con-boxed e-con e-parent\" data-id=\"55ed615\" data-element_type=\"container\" data-e-type=\"container\" data-settings=\"{&quot;background_background&quot;:&quot;classic&quot;}\">\n\t\t\t\t\t<div class=\"e-con-inner\">\n\t\t<div class=\"elementor-element elementor-element-f8f43fa e-con-full e-flex e-con e-child\" data-id=\"f8f43fa\" data-element_type=\"container\" data-e-type=\"container\">\n\t\t\t\t<div class=\"elementor-element elementor-element-67b17ad elementor-widget elementor-widget-heading\" data-id=\"67b17ad\" data-element_type=\"widget\" data-e-type=\"widget\" data-widget_type=\"heading.default\">\n\t\t\t\t<div class=\"elementor-widget-container\">\n\t\t\t\t\t<h2 class=\"elementor-heading-title elementor-size-default\">haluaisitko j\u00e4lleenmyyj\u00e4ksi?<\/h2>\t\t\t\t<\/div>\n\t\t\t\t<\/div>\n\t\t\t\t<div class=\"elementor-element elementor-element-e4e9fd6 elementor-widget elementor-widget-text-editor\" data-id=\"e4e9fd6\" data-element_type=\"widget\" data-e-type=\"widget\" data-widget_type=\"text-editor.default\">\n\t\t\t\t<div class=\"elementor-widget-container\">\n\t\t\t\t\t\t\t\t\t<p>Haluaisitko toimia yhteisty\u00f6ss\u00e4 alan johtavien asiantuntijoiden ja parhaiden tuotteiden kanssa?<\/p><p>Haemme jatkuvasti uusia ajatuksia ja kanavia, joista l\u00f6ytyy lis\u00e4\u00e4 kauppaa. Tarjoamme j\u00e4lleenmyyjillemme hyv\u00e4t mahdollisuudet menestykseen tuotteillamme niin tuloksellisesti kuin tyytyv\u00e4isten asiakkaiden my\u00f6t\u00e4.<\/p>\t\t\t\t\t\t\t\t<\/div>\n\t\t\t\t<\/div>\n\t\t\t\t<div class=\"elementor-element elementor-element-d8f7eb4 elementor-widget elementor-widget-button\" data-id=\"d8f7eb4\" data-element_type=\"widget\" data-e-type=\"widget\" data-widget_type=\"button.default\">\n\t\t\t\t<div class=\"elementor-widget-container\">\n\t\t\t\t\t\t\t\t\t<div class=\"elementor-button-wrapper\">\n\t\t\t\t\t<a class=\"elementor-button elementor-button-link elementor-size-sm elementor-animation-shrink\" href=\"https:\/\/www.ahs-suodatus.com\/index.php\/yhteydenotto\/\">\n\t\t\t\t\t\t<span class=\"elementor-button-content-wrapper\">\n\t\t\t\t\t\t\t\t\t<span class=\"elementor-button-text\">Haluan j\u00e4lleenmyyj\u00e4ksi<\/span>\n\t\t\t\t\t<\/span>\n\t\t\t\t\t<\/a>\n\t\t\t\t<\/div>\n\t\t\t\t\t\t\t\t<\/div>\n\t\t\t\t<\/div>\n\t\t\t\t<\/div>\n\t\t<div class=\"elementor-element elementor-element-d1233ef e-con-full e-flex e-con e-child\" data-id=\"d1233ef\" data-element_type=\"container\" data-e-type=\"container\">\n\t\t\t\t<div class=\"elementor-element elementor-element-537f6cd elementor-widget elementor-widget-image\" data-id=\"537f6cd\" data-element_type=\"widget\" data-e-type=\"widget\" data-widget_type=\"image.default\">\n\t\t\t\t<div class=\"elementor-widget-container\">\n\t\t\t\t\t\t\t\t\t\t\t\t\t\t\t<img loading=\"lazy\" decoding=\"async\" width=\"800\" height=\"534\" src=\"https:\/\/www.ahs-suodatus.com\/wp-content\/uploads\/2025\/01\/markus-winkler-IrRbSND5EUc-unsplash-1024x683.jpg\" class=\"attachment-large size-large wp-image-37\" alt=\"\" srcset=\"https:\/\/www.ahs-suodatus.com\/wp-content\/uploads\/2025\/01\/markus-winkler-IrRbSND5EUc-unsplash-1024x683.jpg 1024w, https:\/\/www.ahs-suodatus.com\/wp-content\/uploads\/2025\/01\/markus-winkler-IrRbSND5EUc-unsplash-300x200.jpg 300w, https:\/\/www.ahs-suodatus.com\/wp-content\/uploads\/2025\/01\/markus-winkler-IrRbSND5EUc-unsplash-768x512.jpg 768w, https:\/\/www.ahs-suodatus.com\/wp-content\/uploads\/2025\/01\/markus-winkler-IrRbSND5EUc-unsplash-1536x1024.jpg 1536w, https:\/\/www.ahs-suodatus.com\/wp-content\/uploads\/2025\/01\/markus-winkler-IrRbSND5EUc-unsplash-2048x1365.jpg 2048w\" sizes=\"(max-width: 800px) 100vw, 800px\" \/>\t\t\t\t\t\t\t\t\t\t\t\t\t\t\t<\/div>\n\t\t\t\t<\/div>\n\t\t\t\t<\/div>\n\t\t\t\t\t<\/div>\n\t\t\t\t<\/div>\n\t\t<div class=\"elementor-element elementor-element-b2642be elementor-hidden-desktop elementor-hidden-tablet elementor-hidden-mobile e-flex e-con-boxed e-con e-parent\" data-id=\"b2642be\" data-element_type=\"container\" data-e-type=\"container\">\n\t\t\t\t\t<div class=\"e-con-inner\">\n\t\t\t\t<div class=\"elementor-element elementor-element-6bd9345 elementor-widget elementor-widget-heading\" data-id=\"6bd9345\" data-element_type=\"widget\" data-e-type=\"widget\" data-widget_type=\"heading.default\">\n\t\t\t\t<div class=\"elementor-widget-container\">\n\t\t\t\t\t<h2 class=\"elementor-heading-title elementor-size-default\">meihin luottavat<\/h2>\t\t\t\t<\/div>\n\t\t\t\t<\/div>\n\t\t\t\t\t<\/div>\n\t\t\t\t<\/div>\n\t\t<div class=\"elementor-element elementor-element-7c761c7 elementor-hidden-desktop elementor-hidden-tablet elementor-hidden-mobile e-flex e-con-boxed e-con e-parent\" data-id=\"7c761c7\" data-element_type=\"container\" data-e-type=\"container\">\n\t\t\t\t\t<div class=\"e-con-inner\">\n\t\t\t\t<div class=\"elementor-element elementor-element-ee09ce3 elementor-arrows-position-inside elementor-pagination-position-outside elementor-widget elementor-widget-image-carousel\" data-id=\"ee09ce3\" data-element_type=\"widget\" data-e-type=\"widget\" data-settings=\"{&quot;autoplay_speed&quot;:7000,&quot;navigation&quot;:&quot;both&quot;,&quot;autoplay&quot;:&quot;yes&quot;,&quot;pause_on_hover&quot;:&quot;yes&quot;,&quot;pause_on_interaction&quot;:&quot;yes&quot;,&quot;infinite&quot;:&quot;yes&quot;,&quot;speed&quot;:500}\" data-widget_type=\"image-carousel.default\">\n\t\t\t\t<div class=\"elementor-widget-container\">\n\t\t\t\t\t\t\t<div class=\"elementor-image-carousel-wrapper swiper\" role=\"region\" aria-roledescription=\"carousel\" aria-label=\"Kuvakaruselli\" dir=\"ltr\">\n\t\t\t<div class=\"elementor-image-carousel swiper-wrapper\" aria-live=\"off\">\n\t\t\t\t\t\t\t\t<div class=\"swiper-slide\" role=\"group\" aria-roledescription=\"slide\" aria-label=\"1 of 5\"><figure class=\"swiper-slide-inner\"><img decoding=\"async\" class=\"swiper-slide-image\" src=\"https:\/\/www.ahs-suodatus.com\/wp-content\/uploads\/2025\/01\/Onninen_logo_2021.png\" alt=\"Onninen_logo_2021\" \/><\/figure><\/div><div class=\"swiper-slide\" role=\"group\" aria-roledescription=\"slide\" aria-label=\"2 of 5\"><figure class=\"swiper-slide-inner\"><img decoding=\"async\" class=\"swiper-slide-image\" src=\"https:\/\/www.ahs-suodatus.com\/wp-content\/uploads\/2025\/01\/Meyer_Turku_logo.svg-1024x348.png\" alt=\"Meyer_Turku_logo.svg\" \/><\/figure><\/div><div class=\"swiper-slide\" role=\"group\" aria-roledescription=\"slide\" aria-label=\"3 of 5\"><figure class=\"swiper-slide-inner\"><img decoding=\"async\" class=\"swiper-slide-image\" src=\"https:\/\/www.ahs-suodatus.com\/wp-content\/uploads\/2025\/01\/biovoima-PUWG-logo-valkoinen-tausta.png\" alt=\"biovoima-PUWG-logo-valkoinen-tausta\" \/><\/figure><\/div><div class=\"swiper-slide\" role=\"group\" aria-roledescription=\"slide\" aria-label=\"4 of 5\"><figure class=\"swiper-slide-inner\"><img decoding=\"async\" class=\"swiper-slide-image\" src=\"https:\/\/www.ahs-suodatus.com\/wp-content\/uploads\/2025\/01\/A4-16-e1736171422386.png\" alt=\"A4-16\" \/><\/figure><\/div><div class=\"swiper-slide\" role=\"group\" aria-roledescription=\"slide\" aria-label=\"5 of 5\"><figure class=\"swiper-slide-inner\"><img decoding=\"async\" class=\"swiper-slide-image\" src=\"https:\/\/www.ahs-suodatus.com\/wp-content\/uploads\/2025\/01\/download.jpeg\" alt=\"download\" \/><\/figure><\/div>\t\t\t<\/div>\n\t\t\t\t\t\t\t\t\t\t\t\t<div class=\"elementor-swiper-button elementor-swiper-button-prev\" role=\"button\" tabindex=\"0\">\n\t\t\t\t\t\t<svg aria-hidden=\"true\" class=\"e-font-icon-svg e-eicon-chevron-left\" viewBox=\"0 0 1000 1000\" xmlns=\"http:\/\/www.w3.org\/2000\/svg\"><path d=\"M646 125C629 125 613 133 604 142L308 442C296 454 292 471 292 487 292 504 296 521 308 533L604 854C617 867 629 875 646 875 663 875 679 871 692 858 704 846 713 829 713 812 713 796 708 779 692 767L438 487 692 225C700 217 708 204 708 187 708 171 704 154 692 142 675 129 663 125 646 125Z\"><\/path><\/svg>\t\t\t\t\t<\/div>\n\t\t\t\t\t<div class=\"elementor-swiper-button elementor-swiper-button-next\" role=\"button\" tabindex=\"0\">\n\t\t\t\t\t\t<svg aria-hidden=\"true\" class=\"e-font-icon-svg e-eicon-chevron-right\" viewBox=\"0 0 1000 1000\" xmlns=\"http:\/\/www.w3.org\/2000\/svg\"><path d=\"M696 533C708 521 713 504 713 487 713 471 708 454 696 446L400 146C388 133 375 125 354 125 338 125 325 129 313 142 300 154 292 171 292 187 292 204 296 221 308 233L563 492 304 771C292 783 288 800 288 817 288 833 296 850 308 863 321 871 338 875 354 875 371 875 388 867 400 854L696 533Z\"><\/path><\/svg>\t\t\t\t\t<\/div>\n\t\t\t\t\n\t\t\t\t\t\t\t\t\t<div class=\"swiper-pagination\"><\/div>\n\t\t\t\t\t\t\t\t\t<\/div>\n\t\t\t\t\t\t<\/div>\n\t\t\t\t<\/div>\n\t\t\t\t\t<\/div>\n\t\t\t\t<\/div>\n\t\t\t\t<\/div>\n\t\t","protected":false},"excerpt":{"rendered":"<p>avain puhtaaseen ilmaan ja raikkaaseen veteen AHS-suodatus toimittaa aktiivihiilt\u00e4 ja suodattimia haitallisten yhdisteiden poistoon ilmasta ja vedest\u00e4 Ongelmana haju- tai VOC-p\u00e4\u00e4st\u00f6t?&nbsp; Puhdistatko vett\u00e4 suuressa mittakaavassa? AHS auttaa!&nbsp; Ota yhteytt\u00e4 Lue lis\u00e4\u00e4 palveluista palvelumme Tuotevalikoimastamme l\u00f6ytyy erilaiset aktiivihiilet kilotavarana, aktiivihiilisuodattimet sek\u00e4kokonaisvaltaiset suodatinhuollon palvelut. Asiantuntijamme auttaa teit\u00e4 l\u00f6yt\u00e4m\u00e4\u00e4n oikean hiililaadun tarpeeseenne, suunnittelee teille oikein mitoitetun suodatin kokonaisuuden [&hellip;]<\/p>\n","protected":false},"author":1,"featured_media":0,"parent":0,"menu_order":0,"comment_status":"closed","ping_status":"closed","template":"elementor_header_footer","meta":{"footnotes":""},"class_list":["post-21","page","type-page","status-publish","hentry"],"_links":{"self":[{"href":"https:\/\/www.ahs-suodatus.com\/index.php\/wp-json\/wp\/v2\/pages\/21","targetHints":{"allow":["GET"]}}],"collection":[{"href":"https:\/\/www.ahs-suodatus.com\/index.php\/wp-json\/wp\/v2\/pages"}],"about":[{"href":"https:\/\/www.ahs-suodatus.com\/index.php\/wp-json\/wp\/v2\/types\/page"}],"author":[{"embeddable":true,"href":"https:\/\/www.ahs-suodatus.com\/index.php\/wp-json\/wp\/v2\/users\/1"}],"replies":[{"embeddable":true,"href":"https:\/\/www.ahs-suodatus.com\/index.php\/wp-json\/wp\/v2\/comments?post=21"}],"version-history":[{"count":40,"href":"https:\/\/www.ahs-suodatus.com\/index.php\/wp-json\/wp\/v2\/pages\/21\/revisions"}],"predecessor-version":[{"id":364,"href":"https:\/\/www.ahs-suodatus.com\/index.php\/wp-json\/wp\/v2\/pages\/21\/revisions\/364"}],"wp:attachment":[{"href":"https:\/\/www.ahs-suodatus.com\/index.php\/wp-json\/wp\/v2\/media?parent=21"}],"curies":[{"name":"wp","href":"https:\/\/api.w.org\/{rel}","templated":true}]}}